{"id":109,"date":"2018-11-21T11:42:57","date_gmt":"2018-11-21T11:42:57","guid":{"rendered":"http:\/\/192.168.69.8\/amadeoolmos\/texts\/"},"modified":"2018-11-21T12:01:58","modified_gmt":"2018-11-21T12:01:58","slug":"texts","status":"publish","type":"page","link":"https:\/\/www.amadeoolmos.com\/en\/texts\/","title":{"rendered":"Texts"},"content":{"rendered":"<div class=\"fusion-fullwidth fullwidth-box fusion-builder-row-1 nonhundred-percent-fullwidth non-hundred-percent-height-scrolling\" style=\"--awb-border-radius-top-left:0px;--awb-border-radius-top-right:0px;--awb-border-radius-bottom-right:0px;--awb-border-radius-bottom-left:0px;--awb-flex-wrap:wrap;\" ><div class=\"fusion-builder-row fusion-row\"><div class=\"fusion-layout-column fusion_builder_column fusion-builder-column-0 fusion_builder_column_1_1 1_1 fusion-one-full fusion-column-first fusion-column-last\" style=\"--awb-bg-size:cover;\"><div class=\"fusion-column-wrapper fusion-flex-column-wrapper-legacy\"><div class=\"fusion-title title fusion-title-1 fusion-sep-none fusion-title-text fusion-title-size-one\" style=\"--awb-text-color:#000000;--awb-margin-top-small:10px;--awb-margin-right-small:0px;--awb-margin-bottom-small:10px;--awb-margin-left-small:0px;\"><h1 class=\"fusion-title-heading title-heading-left\" style=\"margin:0;\">TEXTS<\/h1><\/div><div class=\"fusion-blog-shortcode fusion-blog-shortcode-1 fusion-blog-archive fusion-blog-layout-medium fusion-blog-infinite\"><div class=\"fusion-posts-container fusion-posts-container-infinite fusion-no-meta-info fusion-blog-rollover\" data-pages=\"2\"><article id=\"blog-1-post-466\" class=\"fusion-post-medium post-466 post type-post status-publish format-standard has-post-thumbnail hentry category-text\">\n\t<style type=\"text\/css\">\n\t\t\n\t\t\n\t\t\n\t\t\n\t\t\t<\/style>\n\n\n\t\t\t<div class=\"fusion-flexslider flexslider fusion-flexslider-loading fusion-post-slideshow\" style=\"\">\n\t\t<ul class=\"slides\">\n\t\t\t\n\t\t\t\t\t\t\t\t\t\t\t\t\t\t<li><div  class=\"fusion-image-wrapper fusion-image-size-fixed\" aria-haspopup=\"true\">\n\t\t\t\t<img decoding=\"async\" width=\"320\" height=\"202\" src=\"https:\/\/www.amadeoolmos.com\/wp-content\/uploads\/2018\/11\/1-320x202.jpg\" class=\"attachment-blog-medium size-blog-medium wp-post-image\" alt=\"\" srcset=\"https:\/\/www.amadeoolmos.com\/wp-content\/uploads\/2018\/11\/1-320x202.jpg 320w, https:\/\/www.amadeoolmos.com\/wp-content\/uploads\/2018\/11\/1-700x441.jpg 700w\" sizes=\"(max-width: 320px) 100vw, 320px\" \/><div class=\"fusion-rollover\">\n\t<div class=\"fusion-rollover-content\">\n\n\t\t\t\t\t\t\t\t\t\t\t\t\t\t<a class=\"fusion-rollover-link\" href=\"https:\/\/www.amadeoolmos.com\/en\/destiny\/\">DESTINY<\/a>\n\t\t\t\n\t\t\t\t\t\t\t\t\t\t\t\t\t\t\n\t\t\t\t\t\t\t\t\n\t\t\t\t\t\t\t\t\t\t\t\t\t<div class=\"fusion-rollover-sep\"><\/div>\n\t\t\t\t\n\t\t\t\t\t\t\t\t\t\t\t\t\t\t\t\t\t\t<a class=\"fusion-rollover-gallery\" href=\"https:\/\/www.amadeoolmos.com\/wp-content\/uploads\/2018\/11\/1.jpg\" data-options=\"\" data-id=\"466\" data-rel=\"iLightbox[gallery]\" data-title=\"Destiny 1, 2013. Oil \/ panel 40 x 40 cm\" data-caption=\"Destiny 1, 2013. Oil \/ panel 40 x 40 cm\">\n\t\t\t\t\t\tGallery\t\t\t\t\t<\/a>\n\t\t\t\t\t\t\t\t\t\t\t\t\t\t\n\t\t\n\t\t\t\t\t\t\t\t\t\t\t\t<h4 class=\"fusion-rollover-title\">\n\t\t\t\t\t<a class=\"fusion-rollover-title-link\" href=\"https:\/\/www.amadeoolmos.com\/en\/destiny\/\">\n\t\t\t\t\t\tDESTINY\t\t\t\t\t<\/a>\n\t\t\t\t<\/h4>\n\t\t\t\n\t\t\t\t\t\t\t\t\t\t<div class=\"fusion-rollover-categories\"><a href=\"https:\/\/www.amadeoolmos.com\/en\/category\/text\/\" rel=\"tag\">Text<\/a><\/div>\t\t\t\t\t\n\t\t\n\t\t\t\t\t\t<a class=\"fusion-link-wrapper\" href=\"https:\/\/www.amadeoolmos.com\/en\/destiny\/\" aria-label=\"DESTINY\"><\/a>\n\t<\/div>\n<\/div>\n<\/div>\n<\/li>\n\t\t\t\n\t\t\t\n\t\t\t\t\t\t\t\t\t\t\t\t\t\t\t\t\t\t\t\t\t\t\t\t\t\t\t\t\t\t\t\t\t\t\t\t\t\t\t\t\t\t\t\t\t\t\t\t\t\t\t\t\t\t\t\t\t\t\t\t\t\t\t\t\t\t\t\t<\/ul>\n\t<\/div>\n\t<div class=\"fusion-post-content post-content\"><h2 class=\"blog-shortcode-post-title entry-title\"><a href=\"https:\/\/www.amadeoolmos.com\/en\/destiny\/\">DESTINY<\/a><\/h2><div class=\"fusion-post-content-container\"><p>Maribel Gilsanz<\/p><\/div><\/div><div class=\"fusion-clearfix\"><\/div><\/article>\n<article id=\"blog-1-post-493\" class=\"fusion-post-medium post-493 post type-post status-publish format-standard has-post-thumbnail hentry category-text\">\n\t<style type=\"text\/css\">\n\t\t\n\t\t\n\t\t\n\t\t\n\t\t\t<\/style>\n\n\n\t\t\t<div class=\"fusion-flexslider flexslider fusion-flexslider-loading fusion-post-slideshow\" style=\"\">\n\t\t<ul class=\"slides\">\n\t\t\t\n\t\t\t\t\t\t\t\t\t\t\t\t\t\t<li><div  class=\"fusion-image-wrapper fusion-image-size-fixed\" aria-haspopup=\"true\">\n\t\t\t\t<img decoding=\"async\" width=\"320\" height=\"202\" src=\"https:\/\/www.amadeoolmos.com\/wp-content\/uploads\/2018\/11\/11-1-320x202.jpg\" class=\"attachment-blog-medium size-blog-medium wp-post-image\" alt=\"\" srcset=\"https:\/\/www.amadeoolmos.com\/wp-content\/uploads\/2018\/11\/11-1-320x202.jpg 320w, https:\/\/www.amadeoolmos.com\/wp-content\/uploads\/2018\/11\/11-1-700x441.jpg 700w\" sizes=\"(max-width: 320px) 100vw, 320px\" \/><div class=\"fusion-rollover\">\n\t<div class=\"fusion-rollover-content\">\n\n\t\t\t\t\t\t\t\t\t\t\t\t\t\t<a class=\"fusion-rollover-link\" href=\"https:\/\/www.amadeoolmos.com\/en\/the-mystery-of-chinese-boxes\/\">THE MYSTERY OF CHINESE BOXES<\/a>\n\t\t\t\n\t\t\t\t\t\t\t\t\t\t\t\t\t\t\n\t\t\t\t\t\t\t\t\n\t\t\t\t\t\t\t\t\t\t\t\t\t<div class=\"fusion-rollover-sep\"><\/div>\n\t\t\t\t\n\t\t\t\t\t\t\t\t\t\t\t\t\t\t\t\t\t\t<a class=\"fusion-rollover-gallery\" href=\"https:\/\/www.amadeoolmos.com\/wp-content\/uploads\/2018\/11\/11-1.jpg\" data-options=\"\" data-id=\"493\" data-rel=\"iLightbox[gallery]\" data-title=\"Intimate 14, 2013.  Charcoal, tempera and colored pencil \/ wood. 20x20cm\" data-caption=\"Intimate 14, 2013.  Charcoal, tempera and colored pencil \/ wood. 20x20cm\">\n\t\t\t\t\t\tGallery\t\t\t\t\t<\/a>\n\t\t\t\t\t\t\t\t\t\t\t\t\t\t\n\t\t\n\t\t\t\t\t\t\t\t\t\t\t\t<h4 class=\"fusion-rollover-title\">\n\t\t\t\t\t<a class=\"fusion-rollover-title-link\" href=\"https:\/\/www.amadeoolmos.com\/en\/the-mystery-of-chinese-boxes\/\">\n\t\t\t\t\t\tTHE MYSTERY OF CHINESE BOXES\t\t\t\t\t<\/a>\n\t\t\t\t<\/h4>\n\t\t\t\n\t\t\t\t\t\t\t\t\t\t<div class=\"fusion-rollover-categories\"><a href=\"https:\/\/www.amadeoolmos.com\/en\/category\/text\/\" rel=\"tag\">Text<\/a><\/div>\t\t\t\t\t\n\t\t\n\t\t\t\t\t\t<a class=\"fusion-link-wrapper\" href=\"https:\/\/www.amadeoolmos.com\/en\/the-mystery-of-chinese-boxes\/\" aria-label=\"THE MYSTERY OF CHINESE BOXES\"><\/a>\n\t<\/div>\n<\/div>\n<\/div>\n<\/li>\n\t\t\t\n\t\t\t\n\t\t\t\t\t\t\t\t\t\t\t\t\t\t\t\t\t\t\t\t\t\t\t\t\t\t\t\t\t\t\t\t\t\t\t\t\t\t\t\t\t\t\t\t\t\t\t\t\t\t\t\t\t\t\t\t\t\t\t\t\t\t\t\t\t\t\t\t<\/ul>\n\t<\/div>\n\t<div class=\"fusion-post-content post-content\"><h2 class=\"blog-shortcode-post-title entry-title\"><a href=\"https:\/\/www.amadeoolmos.com\/en\/the-mystery-of-chinese-boxes\/\">THE MYSTERY OF CHINESE BOXES<\/a><\/h2><div class=\"fusion-post-content-container\"><p>Jos\u00e9 Mar\u00eda Parre\u00f1o<\/p><\/div><\/div><div class=\"fusion-clearfix\"><\/div><\/article>\n<article id=\"blog-1-post-489\" class=\"fusion-post-medium post-489 post type-post status-publish format-standard has-post-thumbnail hentry category-text\">\n\t<style type=\"text\/css\">\n\t\t\n\t\t\n\t\t\n\t\t\n\t\t\t<\/style>\n\n\n\t\t\t<div class=\"fusion-flexslider flexslider fusion-flexslider-loading fusion-post-slideshow\" style=\"\">\n\t\t<ul class=\"slides\">\n\t\t\t\n\t\t\t\t\t\t\t\t\t\t\t\t\t\t<li><div  class=\"fusion-image-wrapper fusion-image-size-fixed\" aria-haspopup=\"true\">\n\t\t\t\t<img decoding=\"async\" width=\"320\" height=\"202\" src=\"https:\/\/www.amadeoolmos.com\/wp-content\/uploads\/2018\/11\/2-2-320x202.jpg\" class=\"attachment-blog-medium size-blog-medium wp-post-image\" alt=\"\" srcset=\"https:\/\/www.amadeoolmos.com\/wp-content\/uploads\/2018\/11\/2-2-320x202.jpg 320w, https:\/\/www.amadeoolmos.com\/wp-content\/uploads\/2018\/11\/2-2-700x441.jpg 700w\" sizes=\"(max-width: 320px) 100vw, 320px\" \/><div class=\"fusion-rollover\">\n\t<div class=\"fusion-rollover-content\">\n\n\t\t\t\t\t\t\t\t\t\t\t\t\t\t<a class=\"fusion-rollover-link\" href=\"https:\/\/www.amadeoolmos.com\/en\/an-artist-of-de-uncertainty\/\">AN ARTIST OF DE (UN)CERTAINTY<\/a>\n\t\t\t\n\t\t\t\t\t\t\t\t\t\t\t\t\t\t\n\t\t\t\t\t\t\t\t\n\t\t\t\t\t\t\t\t\t\t\t\t\t<div class=\"fusion-rollover-sep\"><\/div>\n\t\t\t\t\n\t\t\t\t\t\t\t\t\t\t\t\t\t\t\t\t\t\t<a class=\"fusion-rollover-gallery\" href=\"https:\/\/www.amadeoolmos.com\/wp-content\/uploads\/2018\/11\/2-2.jpg\" data-options=\"\" data-id=\"489\" data-rel=\"iLightbox[gallery]\" data-title=\"S\/T 6, 2009. Oil and pen\/panel. 50 x 50 cm\" data-caption=\"S\/T 6, 2009. Oil and pen\/panel. 50 x 50 cm\">\n\t\t\t\t\t\tGallery\t\t\t\t\t<\/a>\n\t\t\t\t\t\t\t\t\t\t\t\t\t\t\n\t\t\n\t\t\t\t\t\t\t\t\t\t\t\t<h4 class=\"fusion-rollover-title\">\n\t\t\t\t\t<a class=\"fusion-rollover-title-link\" href=\"https:\/\/www.amadeoolmos.com\/en\/an-artist-of-de-uncertainty\/\">\n\t\t\t\t\t\tAN ARTIST OF DE (UN)CERTAINTY\t\t\t\t\t<\/a>\n\t\t\t\t<\/h4>\n\t\t\t\n\t\t\t\t\t\t\t\t\t\t<div class=\"fusion-rollover-categories\"><a href=\"https:\/\/www.amadeoolmos.com\/en\/category\/text\/\" rel=\"tag\">Text<\/a><\/div>\t\t\t\t\t\n\t\t\n\t\t\t\t\t\t<a class=\"fusion-link-wrapper\" href=\"https:\/\/www.amadeoolmos.com\/en\/an-artist-of-de-uncertainty\/\" aria-label=\"AN ARTIST OF DE (UN)CERTAINTY\"><\/a>\n\t<\/div>\n<\/div>\n<\/div>\n<\/li>\n\t\t\t\n\t\t\t\n\t\t\t\t\t\t\t\t\t\t\t\t\t\t\t\t\t\t\t\t\t\t\t\t\t\t\t\t\t\t\t\t\t\t\t\t\t\t\t\t\t\t\t\t\t\t\t\t\t\t\t\t\t\t\t\t\t\t\t\t\t\t\t\t\t\t\t\t<\/ul>\n\t<\/div>\n\t<div class=\"fusion-post-content post-content\"><h2 class=\"blog-shortcode-post-title entry-title\"><a href=\"https:\/\/www.amadeoolmos.com\/en\/an-artist-of-de-uncertainty\/\">AN ARTIST OF DE (UN)CERTAINTY<\/a><\/h2><div class=\"fusion-post-content-container\"><p>Francisco Carpio<\/p><\/div><\/div><div class=\"fusion-clearfix\"><\/div><\/article>\n<article id=\"blog-1-post-485\" class=\"fusion-post-medium post-485 post type-post status-publish format-standard has-post-thumbnail hentry category-text\">\n\t<style type=\"text\/css\">\n\t\t\n\t\t\n\t\t\n\t\t\n\t\t\t<\/style>\n\n\n\t\t\t<div class=\"fusion-flexslider flexslider fusion-flexslider-loading fusion-post-slideshow\" style=\"\">\n\t\t<ul class=\"slides\">\n\t\t\t\n\t\t\t\t\t\t\t\t\t\t\t\t\t\t<li><div  class=\"fusion-image-wrapper fusion-image-size-fixed\" aria-haspopup=\"true\">\n\t\t\t\t<img decoding=\"async\" width=\"320\" height=\"202\" src=\"https:\/\/www.amadeoolmos.com\/wp-content\/uploads\/2018\/11\/1-7-320x202.jpg\" class=\"attachment-blog-medium size-blog-medium wp-post-image\" alt=\"\" srcset=\"https:\/\/www.amadeoolmos.com\/wp-content\/uploads\/2018\/11\/1-7-320x202.jpg 320w, https:\/\/www.amadeoolmos.com\/wp-content\/uploads\/2018\/11\/1-7-700x441.jpg 700w\" sizes=\"(max-width: 320px) 100vw, 320px\" \/><div class=\"fusion-rollover\">\n\t<div class=\"fusion-rollover-content\">\n\n\t\t\t\t\t\t\t\t\t\t\t\t\t\t<a class=\"fusion-rollover-link\" href=\"https:\/\/www.amadeoolmos.com\/en\/ver-para-pensar\/\">VER PARA PENSAR<\/a>\n\t\t\t\n\t\t\t\t\t\t\t\t\t\t\t\t\t\t\n\t\t\t\t\t\t\t\t\n\t\t\t\t\t\t\t\t\t\t\t\t\t<div class=\"fusion-rollover-sep\"><\/div>\n\t\t\t\t\n\t\t\t\t\t\t\t\t\t\t\t\t\t\t\t\t\t\t<a class=\"fusion-rollover-gallery\" href=\"https:\/\/www.amadeoolmos.com\/wp-content\/uploads\/2018\/11\/1-7.jpg\" data-options=\"\" data-id=\"485\" data-rel=\"iLightbox[gallery]\" data-title=\"Miradores 1. Impresi\u00f3n tintas pigmentadas sobre papel  Hahnem\u00fchle (medidas variables)\" data-caption=\"Miradores 1. Impresi\u00f3n tintas pigmentadas sobre papel  Hahnem\u00fchle (medidas variables)\">\n\t\t\t\t\t\tGallery\t\t\t\t\t<\/a>\n\t\t\t\t\t\t\t\t\t\t\t\t\t\t\n\t\t\n\t\t\t\t\t\t\t\t\t\t\t\t<h4 class=\"fusion-rollover-title\">\n\t\t\t\t\t<a class=\"fusion-rollover-title-link\" href=\"https:\/\/www.amadeoolmos.com\/en\/ver-para-pensar\/\">\n\t\t\t\t\t\tVER PARA PENSAR\t\t\t\t\t<\/a>\n\t\t\t\t<\/h4>\n\t\t\t\n\t\t\t\t\t\t\t\t\t\t<div class=\"fusion-rollover-categories\"><a href=\"https:\/\/www.amadeoolmos.com\/en\/category\/text\/\" rel=\"tag\">Text<\/a><\/div>\t\t\t\t\t\n\t\t\n\t\t\t\t\t\t<a class=\"fusion-link-wrapper\" href=\"https:\/\/www.amadeoolmos.com\/en\/ver-para-pensar\/\" aria-label=\"VER PARA PENSAR\"><\/a>\n\t<\/div>\n<\/div>\n<\/div>\n<\/li>\n\t\t\t\n\t\t\t\n\t\t\t\t\t\t\t\t\t\t\t\t\t\t\t\t\t\t\t\t\t\t\t\t\t\t\t\t\t\t\t\t\t\t\t\t\t\t\t\t\t\t\t\t\t\t\t\t\t\t\t\t\t\t\t\t\t\t\t\t\t\t\t\t\t\t\t\t<\/ul>\n\t<\/div>\n\t<div class=\"fusion-post-content post-content\"><h2 class=\"blog-shortcode-post-title entry-title\"><a href=\"https:\/\/www.amadeoolmos.com\/en\/ver-para-pensar\/\">VER PARA PENSAR<\/a><\/h2><div class=\"fusion-post-content-container\"><p>Maribel Gilsanz <\/p><\/div><\/div><div class=\"fusion-clearfix\"><\/div><\/article>\n<article id=\"blog-1-post-481\" class=\"fusion-post-medium post-481 post type-post status-publish format-standard has-post-thumbnail hentry category-text\">\n\t<style type=\"text\/css\">\n\t\t\n\t\t\n\t\t\n\t\t\n\t\t\t<\/style>\n\n\n\t\t\t<div class=\"fusion-flexslider flexslider fusion-flexslider-loading fusion-post-slideshow\" style=\"\">\n\t\t<ul class=\"slides\">\n\t\t\t\n\t\t\t\t\t\t\t\t\t\t\t\t\t\t<li><div  class=\"fusion-image-wrapper fusion-image-size-fixed\" aria-haspopup=\"true\">\n\t\t\t\t<img decoding=\"async\" width=\"320\" height=\"202\" src=\"https:\/\/www.amadeoolmos.com\/wp-content\/uploads\/2018\/11\/4-3-320x202.jpg\" class=\"attachment-blog-medium size-blog-medium wp-post-image\" alt=\"\" srcset=\"https:\/\/www.amadeoolmos.com\/wp-content\/uploads\/2018\/11\/4-3-320x202.jpg 320w, https:\/\/www.amadeoolmos.com\/wp-content\/uploads\/2018\/11\/4-3-700x441.jpg 700w\" sizes=\"(max-width: 320px) 100vw, 320px\" \/><div class=\"fusion-rollover\">\n\t<div class=\"fusion-rollover-content\">\n\n\t\t\t\t\t\t\t\t\t\t\t\t\t\t<a class=\"fusion-rollover-link\" href=\"https:\/\/www.amadeoolmos.com\/en\/mimesis-y-perversion-jesus-mazariegos\/\">M\u00cdMESIS Y PERVERSI\u00d3N<\/a>\n\t\t\t\n\t\t\t\t\t\t\t\t\t\t\t\t\t\t\n\t\t\t\t\t\t\t\t\n\t\t\t\t\t\t\t\t\t\t\t\t\t<div class=\"fusion-rollover-sep\"><\/div>\n\t\t\t\t\n\t\t\t\t\t\t\t\t\t\t\t\t\t\t\t\t\t\t<a class=\"fusion-rollover-gallery\" href=\"https:\/\/www.amadeoolmos.com\/wp-content\/uploads\/2018\/11\/4-3.jpg\" data-options=\"\" data-id=\"481\" data-rel=\"iLightbox[gallery]\" data-title=\"Blue 7, 2008 \u00b7 Oil \/ canvas, 50 x 50 cm\" data-caption=\"Blue 7, 2008 \u00b7 Oil \/ canvas, 50 x 50 cm \">\n\t\t\t\t\t\tGallery\t\t\t\t\t<\/a>\n\t\t\t\t\t\t\t\t\t\t\t\t\t\t\n\t\t\n\t\t\t\t\t\t\t\t\t\t\t\t<h4 class=\"fusion-rollover-title\">\n\t\t\t\t\t<a class=\"fusion-rollover-title-link\" href=\"https:\/\/www.amadeoolmos.com\/en\/mimesis-y-perversion-jesus-mazariegos\/\">\n\t\t\t\t\t\tM\u00cdMESIS Y PERVERSI\u00d3N\t\t\t\t\t<\/a>\n\t\t\t\t<\/h4>\n\t\t\t\n\t\t\t\t\t\t\t\t\t\t<div class=\"fusion-rollover-categories\"><a href=\"https:\/\/www.amadeoolmos.com\/en\/category\/text\/\" rel=\"tag\">Text<\/a><\/div>\t\t\t\t\t\n\t\t\n\t\t\t\t\t\t<a class=\"fusion-link-wrapper\" href=\"https:\/\/www.amadeoolmos.com\/en\/mimesis-y-perversion-jesus-mazariegos\/\" aria-label=\"M\u00cdMESIS Y PERVERSI\u00d3N\"><\/a>\n\t<\/div>\n<\/div>\n<\/div>\n<\/li>\n\t\t\t\n\t\t\t\n\t\t\t\t\t\t\t\t\t\t\t\t\t\t\t\t\t\t\t\t\t\t\t\t\t\t\t\t\t\t\t\t\t\t\t\t\t\t\t\t\t\t\t\t\t\t\t\t\t\t\t\t\t\t\t\t\t\t\t\t\t\t\t\t\t\t\t\t<\/ul>\n\t<\/div>\n\t<div class=\"fusion-post-content post-content\"><h2 class=\"blog-shortcode-post-title entry-title\"><a href=\"https:\/\/www.amadeoolmos.com\/en\/mimesis-y-perversion-jesus-mazariegos\/\">M\u00cdMESIS Y PERVERSI\u00d3N<\/a><\/h2><div class=\"fusion-post-content-container\"><p>Jes\u00fas Mazariegos<\/p><\/div><\/div><div class=\"fusion-clearfix\"><\/div><\/article>\n<article id=\"blog-1-post-477\" class=\"fusion-post-medium post-477 post type-post status-publish format-standard has-post-thumbnail hentry category-text\">\n\t<style type=\"text\/css\">\n\t\t\n\t\t\n\t\t\n\t\t\n\t\t\t<\/style>\n\n\n\t\t\t<div class=\"fusion-flexslider flexslider fusion-flexslider-loading fusion-post-slideshow\" style=\"\">\n\t\t<ul class=\"slides\">\n\t\t\t\n\t\t\t\t\t\t\t\t\t\t\t\t\t\t<li><div  class=\"fusion-image-wrapper fusion-image-size-fixed\" aria-haspopup=\"true\">\n\t\t\t\t<img decoding=\"async\" width=\"320\" height=\"202\" src=\"https:\/\/www.amadeoolmos.com\/wp-content\/uploads\/2018\/11\/5-4-320x202.jpg\" class=\"attachment-blog-medium size-blog-medium wp-post-image\" alt=\"\" srcset=\"https:\/\/www.amadeoolmos.com\/wp-content\/uploads\/2018\/11\/5-4-320x202.jpg 320w, https:\/\/www.amadeoolmos.com\/wp-content\/uploads\/2018\/11\/5-4-700x441.jpg 700w\" sizes=\"(max-width: 320px) 100vw, 320px\" \/><div class=\"fusion-rollover\">\n\t<div class=\"fusion-rollover-content\">\n\n\t\t\t\t\t\t\t\t\t\t\t\t\t\t<a class=\"fusion-rollover-link\" href=\"https:\/\/www.amadeoolmos.com\/en\/untitled\/\">UNTITLED<\/a>\n\t\t\t\n\t\t\t\t\t\t\t\t\t\t\t\t\t\t\n\t\t\t\t\t\t\t\t\n\t\t\t\t\t\t\t\t\t\t\t\t\t<div class=\"fusion-rollover-sep\"><\/div>\n\t\t\t\t\n\t\t\t\t\t\t\t\t\t\t\t\t\t\t\t\t\t\t<a class=\"fusion-rollover-gallery\" href=\"https:\/\/www.amadeoolmos.com\/wp-content\/uploads\/2018\/11\/5-4.jpg\" data-options=\"\" data-id=\"477\" data-rel=\"iLightbox[gallery]\" data-title=\"T\u00eate-B\u00eache 6, 2005. \u00b7 Oil \/ canvas, 100 x 100 cm\" data-caption=\"T\u00eate-B\u00eache 6, 2005. \u00b7 Oil \/ canvas, 100 x 100 cm \">\n\t\t\t\t\t\tGallery\t\t\t\t\t<\/a>\n\t\t\t\t\t\t\t\t\t\t\t\t\t\t\n\t\t\n\t\t\t\t\t\t\t\t\t\t\t\t<h4 class=\"fusion-rollover-title\">\n\t\t\t\t\t<a class=\"fusion-rollover-title-link\" href=\"https:\/\/www.amadeoolmos.com\/en\/untitled\/\">\n\t\t\t\t\t\tUNTITLED\t\t\t\t\t<\/a>\n\t\t\t\t<\/h4>\n\t\t\t\n\t\t\t\t\t\t\t\t\t\t<div class=\"fusion-rollover-categories\"><a href=\"https:\/\/www.amadeoolmos.com\/en\/category\/text\/\" rel=\"tag\">Text<\/a><\/div>\t\t\t\t\t\n\t\t\n\t\t\t\t\t\t<a class=\"fusion-link-wrapper\" href=\"https:\/\/www.amadeoolmos.com\/en\/untitled\/\" aria-label=\"UNTITLED\"><\/a>\n\t<\/div>\n<\/div>\n<\/div>\n<\/li>\n\t\t\t\n\t\t\t\n\t\t\t\t\t\t\t\t\t\t\t\t\t\t\t\t\t\t\t\t\t\t\t\t\t\t\t\t\t\t\t\t\t\t\t\t\t\t\t\t\t\t\t\t\t\t\t\t\t\t\t\t\t\t\t\t\t\t\t\t\t\t\t\t\t\t\t\t<\/ul>\n\t<\/div>\n\t<div class=\"fusion-post-content post-content\"><h2 class=\"blog-shortcode-post-title entry-title\"><a href=\"https:\/\/www.amadeoolmos.com\/en\/untitled\/\">UNTITLED<\/a><\/h2><div class=\"fusion-post-content-container\"><p>Jos\u00e9 Mar\u00eda Parre\u00f1o<\/p><\/div><\/div><div class=\"fusion-clearfix\"><\/div><\/article>\n<\/div><div class=\"fusion-infinite-scroll-trigger\"><\/div><div class=\"pagination infinite-scroll clearfix\" style=\"display:none;\"><span class=\"current\">1<\/span><a href=\"https:\/\/www.amadeoolmos.com\/en\/wp-json\/wp\/v2\/pages\/109\/page\/2\/\" class=\"inactive\">2<\/a><a class=\"pagination-next\" rel=\"next\" href=\"https:\/\/www.amadeoolmos.com\/en\/wp-json\/wp\/v2\/pages\/109\/page\/2\/\"><span class=\"page-text\">Next<\/span><span class=\"page-next\"><\/span><\/a><\/div><div class=\"fusion-clearfix\"><\/div><\/div><div class=\"fusion-clearfix\"><\/div><\/div><\/div><\/div><\/div>\n","protected":false},"excerpt":{"rendered":"","protected":false},"author":1,"featured_media":0,"parent":0,"menu_order":0,"comment_status":"closed","ping_status":"closed","template":"","meta":{"footnotes":""},"class_list":["post-109","page","type-page","status-publish","hentry"],"_links":{"self":[{"href":"https:\/\/www.amadeoolmos.com\/en\/wp-json\/wp\/v2\/pages\/109","targetHints":{"allow":["GET"]}}],"collection":[{"href":"https:\/\/www.amadeoolmos.com\/en\/wp-json\/wp\/v2\/pages"}],"about":[{"href":"https:\/\/www.amadeoolmos.com\/en\/wp-json\/wp\/v2\/types\/page"}],"author":[{"embeddable":true,"href":"https:\/\/www.amadeoolmos.com\/en\/wp-json\/wp\/v2\/users\/1"}],"replies":[{"embeddable":true,"href":"https:\/\/www.amadeoolmos.com\/en\/wp-json\/wp\/v2\/comments?post=109"}],"version-history":[{"count":2,"href":"https:\/\/www.amadeoolmos.com\/en\/wp-json\/wp\/v2\/pages\/109\/revisions"}],"predecessor-version":[{"id":117,"href":"https:\/\/www.amadeoolmos.com\/en\/wp-json\/wp\/v2\/pages\/109\/revisions\/117"}],"wp:attachment":[{"href":"https:\/\/www.amadeoolmos.com\/en\/wp-json\/wp\/v2\/media?parent=109"}],"curies":[{"name":"wp","href":"https:\/\/api.w.org\/{rel}","templated":true}]}}